{"id":3983,"date":"2022-01-27T16:18:18","date_gmt":"2022-01-27T16:18:18","guid":{"rendered":"http:\/\/31.217.193.156\/~hsolutio\/blog\/?page_id=3983"},"modified":"2022-03-07T10:38:47","modified_gmt":"2022-03-07T10:38:47","slug":"smart-financial-closing","status":"publish","type":"page","link":"http:\/\/31.217.193.156\/~hsolutio\/blog\/smart-financial-closing\/","title":{"rendered":"Smart Financial Closing"},"content":{"rendered":"\t\t<div data-elementor-type=\"wp-page\" data-elementor-id=\"3983\" class=\"elementor elementor-3983\" data-elementor-post-type=\"page\">\n\t\t\t\t\t\t<section class=\"elementor-section elementor-top-section elementor-element elementor-element-6ec8003 elementor-section-full_width elementor-section-stretched elementor-section-height-min-height elementor-section-height-default elementor-section-items-middle\" data-id=\"6ec8003\" data-element_type=\"section\" data-e-type=\"section\" data-settings=\"{&quot;stretch_section&quot;:&quot;section-stretched&quot;,&quot;background_background&quot;:&quot;classic&quot;,&quot;shape_divider_bottom&quot;:&quot;triangle&quot;,&quot;shape_divider_bottom_negative&quot;:&quot;yes&quot;}\">\n\t\t\t\t\t\t\t<div class=\"elementor-background-overlay\"><\/div>\n\t\t\t\t\t\t<div class=\"elementor-shape elementor-shape-bottom\" aria-hidden=\"true\" data-negative=\"true\">\n\t\t\t<svg xmlns=\"http:\/\/www.w3.org\/2000\/svg\" viewBox=\"0 0 1000 100\" preserveAspectRatio=\"none\">\n\t<path class=\"elementor-shape-fill\" d=\"M500.2,94.7L0,0v100h1000V0L500.2,94.7z\"\/>\n<\/svg>\t\t<\/div>\n\t\t\t\t\t<div class=\"elementor-container elementor-column-gap-no\">\n\t\t\t\t\t<div class=\"elementor-column elementor-col-100 elementor-top-column elementor-element elementor-element-fe24f42\" data-id=\"fe24f42\" data-element_type=\"column\" data-e-type=\"column\">\n\t\t\t<div class=\"elementor-widget-wrap elementor-element-populated\">\n\t\t\t\t\t\t<div class=\"elementor-element elementor-element-4b5d756 animated-slow elementor-invisible elementor-widget elementor-widget-heading\" data-id=\"4b5d756\" data-element_type=\"widget\" data-e-type=\"widget\" data-settings=\"{&quot;_animation&quot;:&quot;fadeIn&quot;}\" data-widget_type=\"heading.default\">\n\t\t\t\t<div class=\"elementor-widget-container\">\n\t\t\t\t\t<h2 class=\"elementor-heading-title elementor-size-default\">Smart Financial Closing<\/h2>\t\t\t\t<\/div>\n\t\t\t\t<\/div>\n\t\t\t\t\t<\/div>\n\t\t<\/div>\n\t\t\t\t\t<\/div>\n\t\t<\/section>\n\t\t\t\t<section class=\"elementor-section elementor-top-section elementor-element elementor-element-5ef899fb elementor-section-full_width elementor-section-stretched elementor-section-height-default elementor-section-height-default\" data-id=\"5ef899fb\" data-element_type=\"section\" data-e-type=\"section\" data-settings=\"{&quot;stretch_section&quot;:&quot;section-stretched&quot;,&quot;background_background&quot;:&quot;classic&quot;}\">\n\t\t\t\t\t\t<div class=\"elementor-container elementor-column-gap-default\">\n\t\t\t\t\t<div class=\"elementor-column elementor-col-100 elementor-top-column elementor-element elementor-element-1b69378\" data-id=\"1b69378\" data-element_type=\"column\" data-e-type=\"column\" data-settings=\"{&quot;background_background&quot;:&quot;classic&quot;}\">\n\t\t\t<div class=\"elementor-widget-wrap elementor-element-populated\">\n\t\t\t\t\t\t<div class=\"elementor-element elementor-element-d479c8c elementor-widget elementor-widget-text-editor\" data-id=\"d479c8c\" data-element_type=\"widget\" data-e-type=\"widget\" data-widget_type=\"text-editor.default\">\n\t\t\t\t<div class=\"elementor-widget-container\">\n\t\t\t\t\t\t\t\t\t<p>Moderni ratkaisu nopeuttaa yrityksen konsernitilinp\u00e4\u00e4t\u00f6ksen laatimista ja huomioi kansainv\u00e4liset<br>kirjanpitostandardit aina p\u00e4ivitettyn\u00e4. Lis\u00e4ksi se hallitsee automaattisesti mm. valuuttojen kurssimuutokset ja v\u00e4hemmist\u00f6osuudet sek\u00e4 fuusioihin ja hankintamenoihin liittyv\u00e4t laskennat.<br>Oikein valitulla ratkaisulla talouden ty\u00f6teht\u00e4vi\u00e4 voidaan automatisoida ja talousyksik\u00f6n aikaa j\u00e4\u00e4 my\u00f6s kehitysty\u00f6h\u00f6n. Lis\u00e4ksi modernilla ratkaisulla pystyt\u00e4\u00e4n huolehtimaan datan laadusta, yksityiskohtaisista audit- ja tarkastuslokeista.<\/p><p>Ratkaisumme mahdollistaa tietojen reaaliaikaisen lataamisen monesta eri l\u00e4hdej\u00e4rjestelm\u00e4st\u00e4 ja niiden yhdist\u00e4misen yhteen j\u00e4rjestelm\u00e4\u00e4n. N\u00e4in ollen konsernilla ja sen johdolla on aina k\u00e4ytett\u00e4v\u00e4n\u00e4 ajantasainen ja luotettava tieto. Johdon tarve talouden lukujen tarkasteluun voi olla erilainen mit\u00e4 lains\u00e4\u00e4d\u00e4nn\u00f6ss\u00e4 vaaditaan. Lakis\u00e4\u00e4teisen konsernitilinp\u00e4\u00e4t\u00f6ksen lis\u00e4ksi ratkaisuamme voidaan yht\u00e4 lailla hy\u00f6dynt\u00e4\u00e4 my\u00f6s johdon tarpeisiin ja raportointiin. Lukuja ja raportteja voidaan tarkastella niin liiketoiminta- tai kustannupaikkatasolla. Ratkaisumme soveltuu eri kokoisten yhti\u00f6iden tarpeisiin, pienist\u00e4 kasvu yrityksist\u00e4 kansainv\u00e4lisiin<br>organisaatioihin.<\/p>\t\t\t\t\t\t\t\t<\/div>\n\t\t\t\t<\/div>\n\t\t\t\t<section class=\"elementor-section elementor-inner-section elementor-element elementor-element-de82249 elementor-section-boxed elementor-section-height-default elementor-section-height-default\" data-id=\"de82249\" data-element_type=\"section\" data-e-type=\"section\">\n\t\t\t\t\t\t<div class=\"elementor-container elementor-column-gap-default\">\n\t\t\t\t\t<div class=\"elementor-column elementor-col-50 elementor-inner-column elementor-element elementor-element-772954e\" data-id=\"772954e\" data-element_type=\"column\" data-e-type=\"column\">\n\t\t\t<div class=\"elementor-widget-wrap elementor-element-populated\">\n\t\t\t\t\t\t<div class=\"elementor-element elementor-element-1ca67d51 elementor-widget elementor-widget-text-editor\" data-id=\"1ca67d51\" data-element_type=\"widget\" data-e-type=\"widget\" data-widget_type=\"text-editor.default\">\n\t\t\t\t<div class=\"elementor-widget-container\">\n\t\t\t\t\t\t\t\t\t<p><strong>KESKEISET OMINAISUUDET<br \/><br \/><\/strong><\/p><ul><li>Sis\u00e4isten tapahtumien t\u00e4sm\u00e4ytys ja niiden eliminoinnit selke\u00e4\u00e4 ohjauspaneelia hy\u00f6dynt\u00e4en<\/li><li>Valuuttojen, vaihtokurssien ja korkojen hallinta<\/li><li>Erityyppisten scenarioiden luominen ja niiden vertailu<\/li><li>Hy\u00f6dynnytt\u00e4viss\u00e4 sek\u00e4 lakis\u00e4\u00e4teiseen ett\u00e4 johdon raportointiin<\/li><li>Automatisoidut eliminointi s\u00e4\u00e4nn\u00f6t mm. v\u00e4hemmist\u00f6osuudet, keskin\u00e4iset omistukset yms.<\/li><li>Hy\u00f6dynnett\u00e4vis\u00e4\u00e4 suunniteluun, budjetointiin ja ennustamiseen<\/li><\/ul>\t\t\t\t\t\t\t\t<\/div>\n\t\t\t\t<\/div>\n\t\t\t\t\t<\/div>\n\t\t<\/div>\n\t\t\t\t<div class=\"elementor-column elementor-col-50 elementor-inner-column elementor-element elementor-element-373f373\" data-id=\"373f373\" data-element_type=\"column\" data-e-type=\"column\">\n\t\t\t<div class=\"elementor-widget-wrap elementor-element-populated\">\n\t\t\t\t\t\t<div class=\"elementor-element elementor-element-1fef88b elementor-widget elementor-widget-text-editor\" data-id=\"1fef88b\" data-element_type=\"widget\" data-e-type=\"widget\" data-widget_type=\"text-editor.default\">\n\t\t\t\t<div class=\"elementor-widget-container\">\n\t\t\t\t\t\t\t\t\t<p><b>HY\u00d6DYT<\/b><\/p><ul><li>yksi ratkaisu, joka voidaan integroida olemassa oleviin j\u00e4rjestelmiin<\/li><li>Tilinp\u00e4\u00e4t\u00f6sprosessin selkeytt\u00e4minen<\/li><li>selke\u00e4t ja automatisoidut prosessit nopeuttavat kauden sulkemista<\/li><li>talouden itsens\u00e4 yll\u00e4pidett\u00e4v\u00e4 ratkaisu<\/li><li>l\u00e4pin\u00e4kyvyys lukuihin<\/li><li>Tilikarttojen harmonisointi<\/li><li>Ajantasaiset raportit<\/li><li>ty\u00f6ajans\u00e4\u00e4st\u00f6<\/li><\/ul>\t\t\t\t\t\t\t\t<\/div>\n\t\t\t\t<\/div>\n\t\t\t\t\t<\/div>\n\t\t<\/div>\n\t\t\t\t\t<\/div>\n\t\t<\/section>\n\t\t\t\t\t<\/div>\n\t\t<\/div>\n\t\t\t\t\t<\/div>\n\t\t<\/section>\n\t\t\t\t<\/div>\n\t\t","protected":false},"excerpt":{"rendered":"<p>Smart Financial Closing Moderni ratkaisu nopeuttaa yrityksen konsernitilinp\u00e4\u00e4t\u00f6ksen laatimista ja huomioi kansainv\u00e4lisetkirjanpitostandardit aina p\u00e4ivitettyn\u00e4. Lis\u00e4ksi se hallitsee automaattisesti mm. valuuttojen kurssimuutokset ja v\u00e4hemmist\u00f6osuudet sek\u00e4 fuusioihin ja hankintamenoihin liittyv\u00e4t laskennat.Oikein valitulla<\/p>\n<p class=\"more-link\"><a href=\"http:\/\/31.217.193.156\/~hsolutio\/blog\/smart-financial-closing\/\" class=\"readmore\">Continue reading<span class=\"screen-reader-text\">Smart Financial Closing<\/span><\/a><\/p>\n","protected":false},"author":13,"featured_media":0,"parent":0,"menu_order":0,"comment_status":"closed","ping_status":"closed","template":"elementor_header_footer","meta":{"_improvement_type_select":"improve_an_existing","_thumb_yes_seoaic":false,"_frame_yes_seoaic":false,"seoaic_generate_description":"","seoaic_improve_instructions_prompt":"","seoaic_rollback_content_improvement":"","seoaic_idea_thumbnail_generator":"","thumbnail_generated":false,"thumbnail_generate_prompt":"","seoaic_article_description":"","_monsterinsights_skip_tracking":false,"_monsterinsights_sitenote_active":false,"_monsterinsights_sitenote_note":"","_monsterinsights_sitenote_category":0,"footnotes":""},"class_list":["post-3983","page","type-page","status-publish","hentry"],"yoast_head":"<!-- This site is optimized with the Yoast SEO plugin v27.5 - https:\/\/yoast.com\/product\/yoast-seo-wordpress\/ -->\n<title>Smart Financial Closing - HSolutions<\/title>\n<meta name=\"robots\" content=\"index, follow, max-snippet:-1, max-image-preview:large, max-video-preview:-1\" \/>\n<link rel=\"canonical\" href=\"http:\/\/31.217.193.156\/~hsolutio\/blog\/smart-financial-closing\/\" \/>\n<meta property=\"og:locale\" content=\"fi_FI\" \/>\n<meta property=\"og:type\" content=\"article\" \/>\n<meta property=\"og:title\" content=\"Smart Financial Closing - HSolutions\" \/>\n<meta property=\"og:description\" content=\"Smart Financial Closing Moderni ratkaisu nopeuttaa yrityksen konsernitilinp\u00e4\u00e4t\u00f6ksen laatimista ja huomioi kansainv\u00e4lisetkirjanpitostandardit aina p\u00e4ivitettyn\u00e4. Lis\u00e4ksi se hallitsee automaattisesti mm. valuuttojen kurssimuutokset ja v\u00e4hemmist\u00f6osuudet sek\u00e4 fuusioihin ja hankintamenoihin liittyv\u00e4t laskennat.Oikein valitullaContinue readingSmart Financial Closing\" \/>\n<meta property=\"og:url\" content=\"http:\/\/31.217.193.156\/~hsolutio\/blog\/smart-financial-closing\/\" \/>\n<meta property=\"og:site_name\" content=\"HSolutions\" \/>\n<meta property=\"article:modified_time\" content=\"2022-03-07T10:38:47+00:00\" \/>\n<meta name=\"twitter:card\" content=\"summary_large_image\" \/>\n<meta name=\"twitter:label1\" content=\"Arvioitu lukuaika\" \/>\n\t<meta name=\"twitter:data1\" content=\"1 minuutti\" \/>\n<script type=\"application\/ld+json\" class=\"yoast-schema-graph\">{\"@context\":\"https:\\\/\\\/schema.org\",\"@graph\":[{\"@type\":\"WebPage\",\"@id\":\"http:\\\/\\\/31.217.193.156\\\/~hsolutio\\\/blog\\\/smart-financial-closing\\\/\",\"url\":\"http:\\\/\\\/31.217.193.156\\\/~hsolutio\\\/blog\\\/smart-financial-closing\\\/\",\"name\":\"Smart Financial Closing - HSolutions\",\"isPartOf\":{\"@id\":\"http:\\\/\\\/31.217.193.156\\\/~hsolutio\\\/blog\\\/#website\"},\"datePublished\":\"2022-01-27T16:18:18+00:00\",\"dateModified\":\"2022-03-07T10:38:47+00:00\",\"breadcrumb\":{\"@id\":\"http:\\\/\\\/31.217.193.156\\\/~hsolutio\\\/blog\\\/smart-financial-closing\\\/#breadcrumb\"},\"inLanguage\":\"fi\",\"potentialAction\":[{\"@type\":\"ReadAction\",\"target\":[\"http:\\\/\\\/31.217.193.156\\\/~hsolutio\\\/blog\\\/smart-financial-closing\\\/\"]}]},{\"@type\":\"BreadcrumbList\",\"@id\":\"http:\\\/\\\/31.217.193.156\\\/~hsolutio\\\/blog\\\/smart-financial-closing\\\/#breadcrumb\",\"itemListElement\":[{\"@type\":\"ListItem\",\"position\":1,\"name\":\"Home\",\"item\":\"http:\\\/\\\/31.217.193.156\\\/~hsolutio\\\/blog\\\/\"},{\"@type\":\"ListItem\",\"position\":2,\"name\":\"Smart Financial Closing\"}]},{\"@type\":\"WebSite\",\"@id\":\"http:\\\/\\\/31.217.193.156\\\/~hsolutio\\\/blog\\\/#website\",\"url\":\"http:\\\/\\\/31.217.193.156\\\/~hsolutio\\\/blog\\\/\",\"name\":\"HSolutions\",\"description\":\"\",\"potentialAction\":[{\"@type\":\"SearchAction\",\"target\":{\"@type\":\"EntryPoint\",\"urlTemplate\":\"http:\\\/\\\/31.217.193.156\\\/~hsolutio\\\/blog\\\/?s={search_term_string}\"},\"query-input\":{\"@type\":\"PropertyValueSpecification\",\"valueRequired\":true,\"valueName\":\"search_term_string\"}}],\"inLanguage\":\"fi\"}]}<\/script>\n<!-- \/ Yoast SEO plugin. -->","yoast_head_json":{"title":"Smart Financial Closing - HSolutions","robots":{"index":"index","follow":"follow","max-snippet":"max-snippet:-1","max-image-preview":"max-image-preview:large","max-video-preview":"max-video-preview:-1"},"canonical":"http:\/\/31.217.193.156\/~hsolutio\/blog\/smart-financial-closing\/","og_locale":"fi_FI","og_type":"article","og_title":"Smart Financial Closing - HSolutions","og_description":"Smart Financial Closing Moderni ratkaisu nopeuttaa yrityksen konsernitilinp\u00e4\u00e4t\u00f6ksen laatimista ja huomioi kansainv\u00e4lisetkirjanpitostandardit aina p\u00e4ivitettyn\u00e4. Lis\u00e4ksi se hallitsee automaattisesti mm. valuuttojen kurssimuutokset ja v\u00e4hemmist\u00f6osuudet sek\u00e4 fuusioihin ja hankintamenoihin liittyv\u00e4t laskennat.Oikein valitullaContinue readingSmart Financial Closing","og_url":"http:\/\/31.217.193.156\/~hsolutio\/blog\/smart-financial-closing\/","og_site_name":"HSolutions","article_modified_time":"2022-03-07T10:38:47+00:00","twitter_card":"summary_large_image","twitter_misc":{"Arvioitu lukuaika":"1 minuutti"},"schema":{"@context":"https:\/\/schema.org","@graph":[{"@type":"WebPage","@id":"http:\/\/31.217.193.156\/~hsolutio\/blog\/smart-financial-closing\/","url":"http:\/\/31.217.193.156\/~hsolutio\/blog\/smart-financial-closing\/","name":"Smart Financial Closing - HSolutions","isPartOf":{"@id":"http:\/\/31.217.193.156\/~hsolutio\/blog\/#website"},"datePublished":"2022-01-27T16:18:18+00:00","dateModified":"2022-03-07T10:38:47+00:00","breadcrumb":{"@id":"http:\/\/31.217.193.156\/~hsolutio\/blog\/smart-financial-closing\/#breadcrumb"},"inLanguage":"fi","potentialAction":[{"@type":"ReadAction","target":["http:\/\/31.217.193.156\/~hsolutio\/blog\/smart-financial-closing\/"]}]},{"@type":"BreadcrumbList","@id":"http:\/\/31.217.193.156\/~hsolutio\/blog\/smart-financial-closing\/#breadcrumb","itemListElement":[{"@type":"ListItem","position":1,"name":"Home","item":"http:\/\/31.217.193.156\/~hsolutio\/blog\/"},{"@type":"ListItem","position":2,"name":"Smart Financial Closing"}]},{"@type":"WebSite","@id":"http:\/\/31.217.193.156\/~hsolutio\/blog\/#website","url":"http:\/\/31.217.193.156\/~hsolutio\/blog\/","name":"HSolutions","description":"","potentialAction":[{"@type":"SearchAction","target":{"@type":"EntryPoint","urlTemplate":"http:\/\/31.217.193.156\/~hsolutio\/blog\/?s={search_term_string}"},"query-input":{"@type":"PropertyValueSpecification","valueRequired":true,"valueName":"search_term_string"}}],"inLanguage":"fi"}]}},"_links":{"self":[{"href":"http:\/\/31.217.193.156\/~hsolutio\/blog\/wp-json\/wp\/v2\/pages\/3983","targetHints":{"allow":["GET"]}}],"collection":[{"href":"http:\/\/31.217.193.156\/~hsolutio\/blog\/wp-json\/wp\/v2\/pages"}],"about":[{"href":"http:\/\/31.217.193.156\/~hsolutio\/blog\/wp-json\/wp\/v2\/types\/page"}],"author":[{"embeddable":true,"href":"http:\/\/31.217.193.156\/~hsolutio\/blog\/wp-json\/wp\/v2\/users\/13"}],"replies":[{"embeddable":true,"href":"http:\/\/31.217.193.156\/~hsolutio\/blog\/wp-json\/wp\/v2\/comments?post=3983"}],"version-history":[{"count":16,"href":"http:\/\/31.217.193.156\/~hsolutio\/blog\/wp-json\/wp\/v2\/pages\/3983\/revisions"}],"predecessor-version":[{"id":4106,"href":"http:\/\/31.217.193.156\/~hsolutio\/blog\/wp-json\/wp\/v2\/pages\/3983\/revisions\/4106"}],"wp:attachment":[{"href":"http:\/\/31.217.193.156\/~hsolutio\/blog\/wp-json\/wp\/v2\/media?parent=3983"}],"curies":[{"name":"wp","href":"https:\/\/api.w.org\/{rel}","templated":true}]}}