{"id":4200,"date":"2022-03-10T10:50:28","date_gmt":"2022-03-10T10:50:28","guid":{"rendered":"http:\/\/31.217.193.156\/~hsolutio\/blog\/?page_id=4200"},"modified":"2022-03-10T10:52:33","modified_gmt":"2022-03-10T10:52:33","slug":"smart-advisor","status":"publish","type":"page","link":"http:\/\/31.217.193.156\/~hsolutio\/blog\/smart-advisor\/","title":{"rendered":"Smart advisor"},"content":{"rendered":"\t\t<div data-elementor-type=\"wp-page\" data-elementor-id=\"4200\" class=\"elementor elementor-4200\" data-elementor-post-type=\"page\">\n\t\t\t\t\t\t<section class=\"elementor-section elementor-top-section elementor-element elementor-element-6ec8003 elementor-section-full_width elementor-section-stretched elementor-section-height-min-height elementor-section-height-default elementor-section-items-middle\" data-id=\"6ec8003\" data-element_type=\"section\" data-e-type=\"section\" data-settings=\"{&quot;stretch_section&quot;:&quot;section-stretched&quot;,&quot;background_background&quot;:&quot;classic&quot;,&quot;shape_divider_bottom&quot;:&quot;triangle&quot;,&quot;shape_divider_bottom_negative&quot;:&quot;yes&quot;}\">\n\t\t\t\t\t\t\t<div class=\"elementor-background-overlay\"><\/div>\n\t\t\t\t\t\t<div class=\"elementor-shape elementor-shape-bottom\" aria-hidden=\"true\" data-negative=\"true\">\n\t\t\t<svg xmlns=\"http:\/\/www.w3.org\/2000\/svg\" viewBox=\"0 0 1000 100\" preserveAspectRatio=\"none\">\n\t<path class=\"elementor-shape-fill\" d=\"M500.2,94.7L0,0v100h1000V0L500.2,94.7z\"\/>\n<\/svg>\t\t<\/div>\n\t\t\t\t\t<div class=\"elementor-container elementor-column-gap-no\">\n\t\t\t\t\t<div class=\"elementor-column elementor-col-100 elementor-top-column elementor-element elementor-element-fe24f42\" data-id=\"fe24f42\" data-element_type=\"column\" data-e-type=\"column\">\n\t\t\t<div class=\"elementor-widget-wrap elementor-element-populated\">\n\t\t\t\t\t\t<div class=\"elementor-element elementor-element-4b5d756 animated-slow elementor-invisible elementor-widget elementor-widget-heading\" data-id=\"4b5d756\" data-element_type=\"widget\" data-e-type=\"widget\" data-settings=\"{&quot;_animation&quot;:&quot;fadeIn&quot;}\" data-widget_type=\"heading.default\">\n\t\t\t\t<div class=\"elementor-widget-container\">\n\t\t\t\t\t<h2 class=\"elementor-heading-title elementor-size-default\">Smart Advisor<\/h2>\t\t\t\t<\/div>\n\t\t\t\t<\/div>\n\t\t\t\t\t<\/div>\n\t\t<\/div>\n\t\t\t\t\t<\/div>\n\t\t<\/section>\n\t\t\t\t<section class=\"elementor-section elementor-top-section elementor-element elementor-element-5ef899fb elementor-section-full_width elementor-section-stretched elementor-section-height-default elementor-section-height-default\" data-id=\"5ef899fb\" data-element_type=\"section\" data-e-type=\"section\" data-settings=\"{&quot;stretch_section&quot;:&quot;section-stretched&quot;,&quot;background_background&quot;:&quot;classic&quot;}\">\n\t\t\t\t\t\t<div class=\"elementor-container elementor-column-gap-default\">\n\t\t\t\t\t<div class=\"elementor-column elementor-col-100 elementor-top-column elementor-element elementor-element-08bd142\" data-id=\"08bd142\" data-element_type=\"column\" data-e-type=\"column\" data-settings=\"{&quot;background_background&quot;:&quot;classic&quot;}\">\n\t\t\t<div class=\"elementor-widget-wrap elementor-element-populated\">\n\t\t\t\t\t\t<section class=\"elementor-section elementor-inner-section elementor-element elementor-element-251d51e elementor-section-boxed elementor-section-height-default elementor-section-height-default\" data-id=\"251d51e\" data-element_type=\"section\" data-e-type=\"section\">\n\t\t\t\t\t\t<div class=\"elementor-container elementor-column-gap-default\">\n\t\t\t\t\t<div class=\"elementor-column elementor-col-100 elementor-inner-column elementor-element elementor-element-5da3304\" data-id=\"5da3304\" data-element_type=\"column\" data-e-type=\"column\">\n\t\t\t<div class=\"elementor-widget-wrap elementor-element-populated\">\n\t\t\t\t\t\t<div class=\"elementor-element elementor-element-e204b3e elementor-widget elementor-widget-heading\" data-id=\"e204b3e\" data-element_type=\"widget\" data-e-type=\"widget\" data-widget_type=\"heading.default\">\n\t\t\t\t<div class=\"elementor-widget-container\">\n\t\t\t\t\t<h2 class=\"elementor-heading-title elementor-size-default\">Smart Advisor on johdon asiantuntijapalvelu tieto-ohjautuvuuden kehitt\u00e4misen ja talouden modernisoinnin tueksi. Palvelussa kokenut alueen johtava asiantuntija tukee johtoa liiketoimintatiedon kehitt\u00e4misess\u00e4.<\/h2>\t\t\t\t<\/div>\n\t\t\t\t<\/div>\n\t\t\t\t<div class=\"elementor-element elementor-element-b5ae6d6 elementor-widget elementor-widget-text-editor\" data-id=\"b5ae6d6\" data-element_type=\"widget\" data-e-type=\"widget\" data-widget_type=\"text-editor.default\">\n\t\t\t\t<div class=\"elementor-widget-container\">\n\t\t\t\t\t\t\t\t\t<p>Tiedolla johtamisen Advisorin tyypillinen toimeksianto on osallistua tiedon johtamisen nykytilaan, talouden ohjaukseen, tavoitetilan suunnitteluun sek\u00e4 varmistaa kehityspolun toteutuminen ja RoadMapin laatiminen.<\/p><p>Palvelulla edistet\u00e4\u00e4n liiketoiminnan kehityst\u00e4, prosesseja ja j\u00e4rjestelmien modernisointia. Advisorit ovat mukana my\u00f6s m\u00e4\u00e4rittelyiss\u00e4, sek\u00e4 tukemassa Asiakkaan tahtotilaa.<\/p><p>Advisorin tukena voi olla johto, asiantuntijat, suunnittelu- ja toteutustiimi. Palvelu toteutetaan projektina tai palveluna sovitun suunnitelman ja laajuuden mukaisesti.<\/p>\t\t\t\t\t\t\t\t<\/div>\n\t\t\t\t<\/div>\n\t\t\t\t\t<\/div>\n\t\t<\/div>\n\t\t\t\t\t<\/div>\n\t\t<\/section>\n\t\t\t\t<section class=\"elementor-section elementor-inner-section elementor-element elementor-element-4d4a17c elementor-section-boxed elementor-section-height-default elementor-section-height-default\" data-id=\"4d4a17c\" data-element_type=\"section\" data-e-type=\"section\">\n\t\t\t\t\t\t<div class=\"elementor-container elementor-column-gap-default\">\n\t\t\t\t\t<div class=\"elementor-column elementor-col-100 elementor-inner-column elementor-element elementor-element-beb30d5\" data-id=\"beb30d5\" data-element_type=\"column\" data-e-type=\"column\">\n\t\t\t<div class=\"elementor-widget-wrap elementor-element-populated\">\n\t\t\t\t\t\t<div class=\"elementor-element elementor-element-95ff32a elementor-widget elementor-widget-text-editor\" data-id=\"95ff32a\" data-element_type=\"widget\" data-e-type=\"widget\" data-widget_type=\"text-editor.default\">\n\t\t\t\t<div class=\"elementor-widget-container\">\n\t\t\t\t\t\t\t\t\t<p><strong>Smart Advisor Package alk. 3900\u20ac<\/strong><u><\/u><u><\/u><\/p><p class=\"m_7967686780142894577MsoListParagraphCxSpMiddle\"><u><\/u>\u00a0&#8211; <u><\/u>Nykytilan ja prosessien kartoitus<br \/><u><\/u><u><\/u>&#8211; BI ymp\u00e4rist\u00f6 ja Analytiikka<br \/><u><\/u><u><\/u>&#8211; Talouden Ohjaus ja Raportointi<br \/><u><\/u><u><\/u>-Arkkitehtuuri ja Roadmap<br \/><u><\/u><u><\/u>&#8211; Data ja Integraatiot<\/p>\t\t\t\t\t\t\t\t<\/div>\n\t\t\t\t<\/div>\n\t\t\t\t\t<\/div>\n\t\t<\/div>\n\t\t\t\t\t<\/div>\n\t\t<\/section>\n\t\t\t\t\t<\/div>\n\t\t<\/div>\n\t\t\t\t\t<\/div>\n\t\t<\/section>\n\t\t\t\t<\/div>\n\t\t","protected":false},"excerpt":{"rendered":"<p>Smart Advisor Smart Advisor on johdon asiantuntijapalvelu tieto-ohjautuvuuden kehitt\u00e4misen ja talouden modernisoinnin tueksi. Palvelussa kokenut alueen johtava asiantuntija tukee johtoa liiketoimintatiedon kehitt\u00e4misess\u00e4. Tiedolla johtamisen Advisorin tyypillinen toimeksianto on osallistua tiedon<\/p>\n<p class=\"more-link\"><a href=\"http:\/\/31.217.193.156\/~hsolutio\/blog\/smart-advisor\/\" class=\"readmore\">Continue reading<span class=\"screen-reader-text\">Smart advisor<\/span><\/a><\/p>\n","protected":false},"author":13,"featured_media":0,"parent":0,"menu_order":0,"comment_status":"closed","ping_status":"closed","template":"elementor_header_footer","meta":{"_improvement_type_select":"improve_an_existing","_thumb_yes_seoaic":false,"_frame_yes_seoaic":false,"seoaic_generate_description":"","seoaic_improve_instructions_prompt":"","seoaic_rollback_content_improvement":"","seoaic_idea_thumbnail_generator":"","thumbnail_generated":false,"thumbnail_generate_prompt":"","seoaic_article_description":"","_monsterinsights_skip_tracking":false,"_monsterinsights_sitenote_active":false,"_monsterinsights_sitenote_note":"","_monsterinsights_sitenote_category":0,"footnotes":""},"class_list":["post-4200","page","type-page","status-publish","hentry"],"yoast_head":"<!-- This site is optimized with the Yoast SEO plugin v27.5 - https:\/\/yoast.com\/product\/yoast-seo-wordpress\/ -->\n<title>Smart advisor - HSolutions<\/title>\n<meta name=\"robots\" content=\"index, follow, max-snippet:-1, max-image-preview:large, max-video-preview:-1\" \/>\n<link rel=\"canonical\" href=\"http:\/\/31.217.193.156\/~hsolutio\/blog\/smart-advisor\/\" \/>\n<meta property=\"og:locale\" content=\"fi_FI\" \/>\n<meta property=\"og:type\" content=\"article\" \/>\n<meta property=\"og:title\" content=\"Smart advisor - HSolutions\" \/>\n<meta property=\"og:description\" content=\"Smart Advisor Smart Advisor on johdon asiantuntijapalvelu tieto-ohjautuvuuden kehitt\u00e4misen ja talouden modernisoinnin tueksi. Palvelussa kokenut alueen johtava asiantuntija tukee johtoa liiketoimintatiedon kehitt\u00e4misess\u00e4. Tiedolla johtamisen Advisorin tyypillinen toimeksianto on osallistua tiedonContinue readingSmart advisor\" \/>\n<meta property=\"og:url\" content=\"http:\/\/31.217.193.156\/~hsolutio\/blog\/smart-advisor\/\" \/>\n<meta property=\"og:site_name\" content=\"HSolutions\" \/>\n<meta property=\"article:modified_time\" content=\"2022-03-10T10:52:33+00:00\" \/>\n<meta name=\"twitter:card\" content=\"summary_large_image\" \/>\n<meta name=\"twitter:label1\" content=\"Arvioitu lukuaika\" \/>\n\t<meta name=\"twitter:data1\" content=\"1 minuutti\" \/>\n<script type=\"application\/ld+json\" class=\"yoast-schema-graph\">{\"@context\":\"https:\\\/\\\/schema.org\",\"@graph\":[{\"@type\":\"WebPage\",\"@id\":\"http:\\\/\\\/31.217.193.156\\\/~hsolutio\\\/blog\\\/smart-advisor\\\/\",\"url\":\"http:\\\/\\\/31.217.193.156\\\/~hsolutio\\\/blog\\\/smart-advisor\\\/\",\"name\":\"Smart advisor - HSolutions\",\"isPartOf\":{\"@id\":\"http:\\\/\\\/31.217.193.156\\\/~hsolutio\\\/blog\\\/#website\"},\"datePublished\":\"2022-03-10T10:50:28+00:00\",\"dateModified\":\"2022-03-10T10:52:33+00:00\",\"breadcrumb\":{\"@id\":\"http:\\\/\\\/31.217.193.156\\\/~hsolutio\\\/blog\\\/smart-advisor\\\/#breadcrumb\"},\"inLanguage\":\"fi\",\"potentialAction\":[{\"@type\":\"ReadAction\",\"target\":[\"http:\\\/\\\/31.217.193.156\\\/~hsolutio\\\/blog\\\/smart-advisor\\\/\"]}]},{\"@type\":\"BreadcrumbList\",\"@id\":\"http:\\\/\\\/31.217.193.156\\\/~hsolutio\\\/blog\\\/smart-advisor\\\/#breadcrumb\",\"itemListElement\":[{\"@type\":\"ListItem\",\"position\":1,\"name\":\"Home\",\"item\":\"http:\\\/\\\/31.217.193.156\\\/~hsolutio\\\/blog\\\/\"},{\"@type\":\"ListItem\",\"position\":2,\"name\":\"Smart advisor\"}]},{\"@type\":\"WebSite\",\"@id\":\"http:\\\/\\\/31.217.193.156\\\/~hsolutio\\\/blog\\\/#website\",\"url\":\"http:\\\/\\\/31.217.193.156\\\/~hsolutio\\\/blog\\\/\",\"name\":\"HSolutions\",\"description\":\"\",\"potentialAction\":[{\"@type\":\"SearchAction\",\"target\":{\"@type\":\"EntryPoint\",\"urlTemplate\":\"http:\\\/\\\/31.217.193.156\\\/~hsolutio\\\/blog\\\/?s={search_term_string}\"},\"query-input\":{\"@type\":\"PropertyValueSpecification\",\"valueRequired\":true,\"valueName\":\"search_term_string\"}}],\"inLanguage\":\"fi\"}]}<\/script>\n<!-- \/ Yoast SEO plugin. -->","yoast_head_json":{"title":"Smart advisor - HSolutions","robots":{"index":"index","follow":"follow","max-snippet":"max-snippet:-1","max-image-preview":"max-image-preview:large","max-video-preview":"max-video-preview:-1"},"canonical":"http:\/\/31.217.193.156\/~hsolutio\/blog\/smart-advisor\/","og_locale":"fi_FI","og_type":"article","og_title":"Smart advisor - HSolutions","og_description":"Smart Advisor Smart Advisor on johdon asiantuntijapalvelu tieto-ohjautuvuuden kehitt\u00e4misen ja talouden modernisoinnin tueksi. Palvelussa kokenut alueen johtava asiantuntija tukee johtoa liiketoimintatiedon kehitt\u00e4misess\u00e4. Tiedolla johtamisen Advisorin tyypillinen toimeksianto on osallistua tiedonContinue readingSmart advisor","og_url":"http:\/\/31.217.193.156\/~hsolutio\/blog\/smart-advisor\/","og_site_name":"HSolutions","article_modified_time":"2022-03-10T10:52:33+00:00","twitter_card":"summary_large_image","twitter_misc":{"Arvioitu lukuaika":"1 minuutti"},"schema":{"@context":"https:\/\/schema.org","@graph":[{"@type":"WebPage","@id":"http:\/\/31.217.193.156\/~hsolutio\/blog\/smart-advisor\/","url":"http:\/\/31.217.193.156\/~hsolutio\/blog\/smart-advisor\/","name":"Smart advisor - HSolutions","isPartOf":{"@id":"http:\/\/31.217.193.156\/~hsolutio\/blog\/#website"},"datePublished":"2022-03-10T10:50:28+00:00","dateModified":"2022-03-10T10:52:33+00:00","breadcrumb":{"@id":"http:\/\/31.217.193.156\/~hsolutio\/blog\/smart-advisor\/#breadcrumb"},"inLanguage":"fi","potentialAction":[{"@type":"ReadAction","target":["http:\/\/31.217.193.156\/~hsolutio\/blog\/smart-advisor\/"]}]},{"@type":"BreadcrumbList","@id":"http:\/\/31.217.193.156\/~hsolutio\/blog\/smart-advisor\/#breadcrumb","itemListElement":[{"@type":"ListItem","position":1,"name":"Home","item":"http:\/\/31.217.193.156\/~hsolutio\/blog\/"},{"@type":"ListItem","position":2,"name":"Smart advisor"}]},{"@type":"WebSite","@id":"http:\/\/31.217.193.156\/~hsolutio\/blog\/#website","url":"http:\/\/31.217.193.156\/~hsolutio\/blog\/","name":"HSolutions","description":"","potentialAction":[{"@type":"SearchAction","target":{"@type":"EntryPoint","urlTemplate":"http:\/\/31.217.193.156\/~hsolutio\/blog\/?s={search_term_string}"},"query-input":{"@type":"PropertyValueSpecification","valueRequired":true,"valueName":"search_term_string"}}],"inLanguage":"fi"}]}},"_links":{"self":[{"href":"http:\/\/31.217.193.156\/~hsolutio\/blog\/wp-json\/wp\/v2\/pages\/4200","targetHints":{"allow":["GET"]}}],"collection":[{"href":"http:\/\/31.217.193.156\/~hsolutio\/blog\/wp-json\/wp\/v2\/pages"}],"about":[{"href":"http:\/\/31.217.193.156\/~hsolutio\/blog\/wp-json\/wp\/v2\/types\/page"}],"author":[{"embeddable":true,"href":"http:\/\/31.217.193.156\/~hsolutio\/blog\/wp-json\/wp\/v2\/users\/13"}],"replies":[{"embeddable":true,"href":"http:\/\/31.217.193.156\/~hsolutio\/blog\/wp-json\/wp\/v2\/comments?post=4200"}],"version-history":[{"count":4,"href":"http:\/\/31.217.193.156\/~hsolutio\/blog\/wp-json\/wp\/v2\/pages\/4200\/revisions"}],"predecessor-version":[{"id":4204,"href":"http:\/\/31.217.193.156\/~hsolutio\/blog\/wp-json\/wp\/v2\/pages\/4200\/revisions\/4204"}],"wp:attachment":[{"href":"http:\/\/31.217.193.156\/~hsolutio\/blog\/wp-json\/wp\/v2\/media?parent=4200"}],"curies":[{"name":"wp","href":"https:\/\/api.w.org\/{rel}","templated":true}]}}