{"id":5168,"date":"2024-02-28T10:21:36","date_gmt":"2024-02-28T10:21:36","guid":{"rendered":"http:\/\/31.217.193.156\/~hsolutio\/blog\/?page_id=5168"},"modified":"2024-03-06T09:28:43","modified_gmt":"2024-03-06T09:28:43","slug":"blogi","status":"publish","type":"page","link":"http:\/\/31.217.193.156\/~hsolutio\/blog\/blogi\/","title":{"rendered":"Blogi"},"content":{"rendered":"\t\t<div data-elementor-type=\"wp-page\" data-elementor-id=\"5168\" class=\"elementor elementor-5168\" data-elementor-post-type=\"page\">\n\t\t\t\t\t\t<section class=\"elementor-section elementor-top-section elementor-element elementor-element-41d08bc6 elementor-section-full_width elementor-section-height-min-height elementor-section-stretched elementor-section-height-default elementor-section-items-middle\" data-id=\"41d08bc6\" data-element_type=\"section\" data-e-type=\"section\" data-settings=\"{&quot;stretch_section&quot;:&quot;section-stretched&quot;,&quot;background_background&quot;:&quot;classic&quot;}\">\n\t\t\t\t\t\t\t<div class=\"elementor-background-overlay\"><\/div>\n\t\t\t\t\t\t\t<div class=\"elementor-container elementor-column-gap-default\">\n\t\t\t\t\t<div class=\"elementor-column elementor-col-100 elementor-top-column elementor-element elementor-element-3c28c011\" data-id=\"3c28c011\" data-element_type=\"column\" data-e-type=\"column\">\n\t\t\t<div class=\"elementor-widget-wrap elementor-element-populated\">\n\t\t\t\t\t\t<div class=\"elementor-element elementor-element-6f12ec4b animated-slow elementor-invisible elementor-widget elementor-widget-heading\" data-id=\"6f12ec4b\" data-element_type=\"widget\" data-e-type=\"widget\" data-settings=\"{&quot;_animation&quot;:&quot;fadeIn&quot;}\" data-widget_type=\"heading.default\">\n\t\t\t\t<div class=\"elementor-widget-container\">\n\t\t\t\t\t<h2 class=\"elementor-heading-title elementor-size-default\">Blogi<\/h2>\t\t\t\t<\/div>\n\t\t\t\t<\/div>\n\t\t\t\t<div class=\"elementor-element elementor-element-bc17d8e elementor-widget elementor-widget-text-editor\" data-id=\"bc17d8e\" data-element_type=\"widget\" data-e-type=\"widget\" data-widget_type=\"text-editor.default\">\n\t\t\t\t<div class=\"elementor-widget-container\">\n\t\t\t\t\t\t\t\t\t<p>Lue lis\u00e4\u00e4 ajankohtaisista aiheista!<\/p>\t\t\t\t\t\t\t\t<\/div>\n\t\t\t\t<\/div>\n\t\t\t\t\t<\/div>\n\t\t<\/div>\n\t\t\t\t\t<\/div>\n\t\t<\/section>\n\t\t\t\t<section class=\"elementor-section elementor-top-section elementor-element elementor-element-69ea621 elementor-section-stretched elementor-section-boxed elementor-section-height-default elementor-section-height-default\" data-id=\"69ea621\" data-element_type=\"section\" data-e-type=\"section\" data-settings=\"{&quot;stretch_section&quot;:&quot;section-stretched&quot;,&quot;background_background&quot;:&quot;classic&quot;}\">\n\t\t\t\t\t\t<div class=\"elementor-container elementor-column-gap-default\">\n\t\t\t\t\t<div class=\"elementor-column elementor-col-100 elementor-top-column elementor-element elementor-element-4a93b26\" data-id=\"4a93b26\" data-element_type=\"column\" data-e-type=\"column\">\n\t\t\t<div class=\"elementor-widget-wrap elementor-element-populated\">\n\t\t\t\t\t\t<div class=\"elementor-element elementor-element-e95ffba elementor-posts--thumbnail-right elementor-grid-1 elementor-grid-tablet-2 elementor-grid-mobile-1 elementor-widget elementor-widget-posts\" data-id=\"e95ffba\" data-element_type=\"widget\" data-e-type=\"widget\" data-settings=\"{&quot;classic_row_gap&quot;:{&quot;unit&quot;:&quot;px&quot;,&quot;size&quot;:54,&quot;sizes&quot;:[]},&quot;classic_columns&quot;:&quot;1&quot;,&quot;classic_columns_tablet&quot;:&quot;2&quot;,&quot;classic_columns_mobile&quot;:&quot;1&quot;,&quot;classic_row_gap_tablet&quot;:{&quot;unit&quot;:&quot;px&quot;,&quot;size&quot;:&quot;&quot;,&quot;sizes&quot;:[]},&quot;classic_row_gap_mobile&quot;:{&quot;unit&quot;:&quot;px&quot;,&quot;size&quot;:&quot;&quot;,&quot;sizes&quot;:[]}}\" data-widget_type=\"posts.classic\">\n\t\t\t\t<div class=\"elementor-widget-container\">\n\t\t\t\t\t\t\t<div class=\"elementor-posts-container elementor-posts elementor-posts--skin-classic elementor-grid\" role=\"list\">\n\t\t\t\t<article class=\"elementor-post elementor-grid-item post-5175 post type-post status-publish format-standard has-post-thumbnail hentry category-blogi\" role=\"listitem\">\n\t\t\t\t<a class=\"elementor-post__thumbnail__link\" href=\"http:\/\/31.217.193.156\/~hsolutio\/blog\/nain-esg-raportointityokalu-helpottaa-kestavyysraportointia\/\" tabindex=\"-1\" >\n\t\t\t<div class=\"elementor-post__thumbnail\"><img decoding=\"async\" width=\"300\" height=\"139\" src=\"http:\/\/31.217.193.156\/~hsolutio\/blog\/wp-content\/uploads\/2024\/02\/image001-300x139.png\" class=\"attachment-medium size-medium wp-image-5224\" alt=\"\" srcset=\"http:\/\/31.217.193.156\/~hsolutio\/blog\/wp-content\/uploads\/2024\/02\/image001-300x139.png 300w, http:\/\/31.217.193.156\/~hsolutio\/blog\/wp-content\/uploads\/2024\/02\/image001-1024x475.png 1024w, http:\/\/31.217.193.156\/~hsolutio\/blog\/wp-content\/uploads\/2024\/02\/image001-768x356.png 768w, http:\/\/31.217.193.156\/~hsolutio\/blog\/wp-content\/uploads\/2024\/02\/image001.png 1241w\" sizes=\"(max-width: 300px) 100vw, 300px\" \/><\/div>\n\t\t<\/a>\n\t\t\t\t<div class=\"elementor-post__text\">\n\t\t\t\t<h3 class=\"elementor-post__title\">\n\t\t\t<a href=\"http:\/\/31.217.193.156\/~hsolutio\/blog\/nain-esg-raportointityokalu-helpottaa-kestavyysraportointia\/\" >\n\t\t\t\tN\u00e4in ESG-raportointity\u00f6kalu helpottaa kest\u00e4vyysraportointia \u2013 esittelyss\u00e4 CCH Tagetik ESG -ratkaisu\t\t\t<\/a>\n\t\t<\/h3>\n\t\t\t\t<div class=\"elementor-post__excerpt\">\n\t\t\t<p>N\u00e4in ESG-raportointity\u00f6kalu helpottaa kest\u00e4vyysraportointia \u2013 esittelyss\u00e4 CCH Tagetik ESG -ratkaisu Yh\u00e4 useampaa yrityst\u00e4 koskeva lakis\u00e4\u00e4teinen kest\u00e4vyysraportointi on laaja-alainen\u00a0kokonaisuus. ESG-raportointia helpottaa kuitenkin oikein valittu raportointity\u00f6kalu,\u00a0jonka avulla vastuullisuutta voidaan seurata, mitata ja<\/p>\n\t\t<\/div>\n\t\t\n\t\t<a class=\"elementor-post__read-more\" href=\"http:\/\/31.217.193.156\/~hsolutio\/blog\/nain-esg-raportointityokalu-helpottaa-kestavyysraportointia\/\" aria-label=\"Read more about N\u00e4in ESG-raportointity\u00f6kalu helpottaa kest\u00e4vyysraportointia \u2013 esittelyss\u00e4 CCH Tagetik ESG -ratkaisu\" tabindex=\"-1\" >\n\t\t\tLue lis\u00e4\u00e4 \u00bb\t\t<\/a>\n\n\t\t\t\t<\/div>\n\t\t\t\t<\/article>\n\t\t\t\t<\/div>\n\t\t\n\t\t\t\t\t\t<\/div>\n\t\t\t\t<\/div>\n\t\t\t\t\t<\/div>\n\t\t<\/div>\n\t\t\t\t\t<\/div>\n\t\t<\/section>\n\t\t\t\t<\/div>\n\t\t","protected":false},"excerpt":{"rendered":"<p>Blogi Lue lis\u00e4\u00e4 ajankohtaisista aiheista!<\/p>\n","protected":false},"author":13,"featured_media":0,"parent":0,"menu_order":0,"comment_status":"closed","ping_status":"closed","template":"elementor_header_footer","meta":{"_improvement_type_select":"improve_an_existing","_thumb_yes_seoaic":false,"_frame_yes_seoaic":false,"seoaic_generate_description":"","seoaic_improve_instructions_prompt":"","seoaic_rollback_content_improvement":"","seoaic_idea_thumbnail_generator":"","thumbnail_generated":false,"thumbnail_generate_prompt":"","seoaic_article_description":"","_monsterinsights_skip_tracking":false,"_monsterinsights_sitenote_active":false,"_monsterinsights_sitenote_note":"","_monsterinsights_sitenote_category":0,"footnotes":""},"class_list":["post-5168","page","type-page","status-publish","hentry"],"yoast_head":"<!-- This site is optimized with the Yoast SEO plugin v27.5 - https:\/\/yoast.com\/product\/yoast-seo-wordpress\/ -->\n<title>Blogi - HSolutions<\/title>\n<meta name=\"robots\" content=\"index, follow, max-snippet:-1, max-image-preview:large, max-video-preview:-1\" \/>\n<link rel=\"canonical\" href=\"http:\/\/31.217.193.156\/~hsolutio\/blog\/blogi\/\" \/>\n<meta property=\"og:locale\" content=\"fi_FI\" \/>\n<meta property=\"og:type\" content=\"article\" \/>\n<meta property=\"og:title\" content=\"Blogi - HSolutions\" \/>\n<meta property=\"og:description\" content=\"Blogi Lue lis\u00e4\u00e4 ajankohtaisista aiheista!\" \/>\n<meta property=\"og:url\" content=\"http:\/\/31.217.193.156\/~hsolutio\/blog\/blogi\/\" \/>\n<meta property=\"og:site_name\" content=\"HSolutions\" \/>\n<meta property=\"article:modified_time\" content=\"2024-03-06T09:28:43+00:00\" \/>\n<meta name=\"twitter:card\" content=\"summary_large_image\" \/>\n<meta name=\"twitter:label1\" content=\"Arvioitu lukuaika\" \/>\n\t<meta name=\"twitter:data1\" content=\"1 minuutti\" \/>\n<script type=\"application\/ld+json\" class=\"yoast-schema-graph\">{\"@context\":\"https:\\\/\\\/schema.org\",\"@graph\":[{\"@type\":\"WebPage\",\"@id\":\"http:\\\/\\\/31.217.193.156\\\/~hsolutio\\\/blog\\\/blogi\\\/\",\"url\":\"http:\\\/\\\/31.217.193.156\\\/~hsolutio\\\/blog\\\/blogi\\\/\",\"name\":\"Blogi - HSolutions\",\"isPartOf\":{\"@id\":\"http:\\\/\\\/31.217.193.156\\\/~hsolutio\\\/blog\\\/#website\"},\"datePublished\":\"2024-02-28T10:21:36+00:00\",\"dateModified\":\"2024-03-06T09:28:43+00:00\",\"breadcrumb\":{\"@id\":\"http:\\\/\\\/31.217.193.156\\\/~hsolutio\\\/blog\\\/blogi\\\/#breadcrumb\"},\"inLanguage\":\"fi\",\"potentialAction\":[{\"@type\":\"ReadAction\",\"target\":[\"http:\\\/\\\/31.217.193.156\\\/~hsolutio\\\/blog\\\/blogi\\\/\"]}]},{\"@type\":\"BreadcrumbList\",\"@id\":\"http:\\\/\\\/31.217.193.156\\\/~hsolutio\\\/blog\\\/blogi\\\/#breadcrumb\",\"itemListElement\":[{\"@type\":\"ListItem\",\"position\":1,\"name\":\"Home\",\"item\":\"http:\\\/\\\/31.217.193.156\\\/~hsolutio\\\/blog\\\/\"},{\"@type\":\"ListItem\",\"position\":2,\"name\":\"Blogi\"}]},{\"@type\":\"WebSite\",\"@id\":\"http:\\\/\\\/31.217.193.156\\\/~hsolutio\\\/blog\\\/#website\",\"url\":\"http:\\\/\\\/31.217.193.156\\\/~hsolutio\\\/blog\\\/\",\"name\":\"HSolutions\",\"description\":\"\",\"potentialAction\":[{\"@type\":\"SearchAction\",\"target\":{\"@type\":\"EntryPoint\",\"urlTemplate\":\"http:\\\/\\\/31.217.193.156\\\/~hsolutio\\\/blog\\\/?s={search_term_string}\"},\"query-input\":{\"@type\":\"PropertyValueSpecification\",\"valueRequired\":true,\"valueName\":\"search_term_string\"}}],\"inLanguage\":\"fi\"}]}<\/script>\n<!-- \/ Yoast SEO plugin. -->","yoast_head_json":{"title":"Blogi - HSolutions","robots":{"index":"index","follow":"follow","max-snippet":"max-snippet:-1","max-image-preview":"max-image-preview:large","max-video-preview":"max-video-preview:-1"},"canonical":"http:\/\/31.217.193.156\/~hsolutio\/blog\/blogi\/","og_locale":"fi_FI","og_type":"article","og_title":"Blogi - HSolutions","og_description":"Blogi Lue lis\u00e4\u00e4 ajankohtaisista aiheista!","og_url":"http:\/\/31.217.193.156\/~hsolutio\/blog\/blogi\/","og_site_name":"HSolutions","article_modified_time":"2024-03-06T09:28:43+00:00","twitter_card":"summary_large_image","twitter_misc":{"Arvioitu lukuaika":"1 minuutti"},"schema":{"@context":"https:\/\/schema.org","@graph":[{"@type":"WebPage","@id":"http:\/\/31.217.193.156\/~hsolutio\/blog\/blogi\/","url":"http:\/\/31.217.193.156\/~hsolutio\/blog\/blogi\/","name":"Blogi - HSolutions","isPartOf":{"@id":"http:\/\/31.217.193.156\/~hsolutio\/blog\/#website"},"datePublished":"2024-02-28T10:21:36+00:00","dateModified":"2024-03-06T09:28:43+00:00","breadcrumb":{"@id":"http:\/\/31.217.193.156\/~hsolutio\/blog\/blogi\/#breadcrumb"},"inLanguage":"fi","potentialAction":[{"@type":"ReadAction","target":["http:\/\/31.217.193.156\/~hsolutio\/blog\/blogi\/"]}]},{"@type":"BreadcrumbList","@id":"http:\/\/31.217.193.156\/~hsolutio\/blog\/blogi\/#breadcrumb","itemListElement":[{"@type":"ListItem","position":1,"name":"Home","item":"http:\/\/31.217.193.156\/~hsolutio\/blog\/"},{"@type":"ListItem","position":2,"name":"Blogi"}]},{"@type":"WebSite","@id":"http:\/\/31.217.193.156\/~hsolutio\/blog\/#website","url":"http:\/\/31.217.193.156\/~hsolutio\/blog\/","name":"HSolutions","description":"","potentialAction":[{"@type":"SearchAction","target":{"@type":"EntryPoint","urlTemplate":"http:\/\/31.217.193.156\/~hsolutio\/blog\/?s={search_term_string}"},"query-input":{"@type":"PropertyValueSpecification","valueRequired":true,"valueName":"search_term_string"}}],"inLanguage":"fi"}]}},"_links":{"self":[{"href":"http:\/\/31.217.193.156\/~hsolutio\/blog\/wp-json\/wp\/v2\/pages\/5168","targetHints":{"allow":["GET"]}}],"collection":[{"href":"http:\/\/31.217.193.156\/~hsolutio\/blog\/wp-json\/wp\/v2\/pages"}],"about":[{"href":"http:\/\/31.217.193.156\/~hsolutio\/blog\/wp-json\/wp\/v2\/types\/page"}],"author":[{"embeddable":true,"href":"http:\/\/31.217.193.156\/~hsolutio\/blog\/wp-json\/wp\/v2\/users\/13"}],"replies":[{"embeddable":true,"href":"http:\/\/31.217.193.156\/~hsolutio\/blog\/wp-json\/wp\/v2\/comments?post=5168"}],"version-history":[{"count":10,"href":"http:\/\/31.217.193.156\/~hsolutio\/blog\/wp-json\/wp\/v2\/pages\/5168\/revisions"}],"predecessor-version":[{"id":5231,"href":"http:\/\/31.217.193.156\/~hsolutio\/blog\/wp-json\/wp\/v2\/pages\/5168\/revisions\/5231"}],"wp:attachment":[{"href":"http:\/\/31.217.193.156\/~hsolutio\/blog\/wp-json\/wp\/v2\/media?parent=5168"}],"curies":[{"name":"wp","href":"https:\/\/api.w.org\/{rel}","templated":true}]}}